{"id":6,"date":"2023-07-27T21:30:16","date_gmt":"2023-07-27T21:30:16","guid":{"rendered":"https:\/\/stimoris.dk\/?page_id=6"},"modified":"2023-07-27T21:30:16","modified_gmt":"2023-07-27T21:30:16","slug":"om","status":"publish","type":"page","link":"https:\/\/stimoris.dk\/index.php\/om\/","title":{"rendered":"Om"},"content":{"rendered":"\n<p>Du er m\u00e5ske en kunstner, der gerne vil introducere dig selv og dine v\u00e6rker her &#8211; eller m\u00e5ske har du en virksomhed med en mission, der skal beskrives.<\/p>\n","protected":false},"excerpt":{"rendered":"<p>Du er m\u00e5ske en kunstner, der gerne vil introducere dig selv og dine v\u00e6rker her &#8211; eller m\u00e5ske har du en virksomhed med en mission, der skal beskrives.<\/p>\n","protected":false},"author":1,"featured_media":0,"parent":0,"menu_order":0,"comment_status":"closed","ping_status":"closed","template":"","meta":[],"_links":{"self":[{"href":"https:\/\/stimoris.dk\/index.php\/wp-json\/wp\/v2\/pages\/6"}],"collection":[{"href":"https:\/\/stimoris.dk\/index.php\/wp-json\/wp\/v2\/pages"}],"about":[{"href":"https:\/\/stimoris.dk\/index.php\/wp-json\/wp\/v2\/types\/page"}],"author":[{"embeddable":true,"href":"https:\/\/stimoris.dk\/index.php\/wp-json\/wp\/v2\/users\/1"}],"replies":[{"embeddable":true,"href":"https:\/\/stimoris.dk\/index.php\/wp-json\/wp\/v2\/comments?post=6"}],"version-history":[{"count":1,"href":"https:\/\/stimoris.dk\/index.php\/wp-json\/wp\/v2\/pages\/6\/revisions"}],"predecessor-version":[{"id":11,"href":"https:\/\/stimoris.dk\/index.php\/wp-json\/wp\/v2\/pages\/6\/revisions\/11"}],"wp:attachment":[{"href":"https:\/\/stimoris.dk\/index.php\/wp-json\/wp\/v2\/media?parent=6"}],"curies":[{"name":"wp","href":"https:\/\/api.w.org\/{rel}","templated":true}]}}