{"id":5,"date":"2023-07-27T21:30:16","date_gmt":"2023-07-27T21:30:16","guid":{"rendered":"https:\/\/stimoris.dk\/?page_id=5"},"modified":"2023-07-27T21:30:16","modified_gmt":"2023-07-27T21:30:16","slug":"lav-dit-website-ved-hjaelp-af-blokke","status":"publish","type":"page","link":"https:\/\/stimoris.dk\/","title":{"rendered":"Lav dit website ved hj\u00e6lp af blokke"},"content":{"rendered":"\n\t\t\t\t\t\n\t\t\t\t\t<h2 class=\"alignwide has-text-align-wide has-gigantic-font-size wp-block-heading\" style=\"line-height:1.1\">Lav dit website ved hj\u00e6lp af blokke<\/h2>\n\t\t\t\t\t\n\n\t\t\t\t\t\n\t\t\t\t\t<div style=\"height:100px\" aria-hidden=\"true\" class=\"wp-block-spacer\"><\/div>\n\t\t\t\t\t\n\n\t\t\t\t\t\n\t\t\t\t\t<div class=\"wp-block-columns alignwide are-vertically-aligned-center is-style-twentytwentyone-columns-overlap is-layout-flex wp-container-3\">\n\t\t\t\t\t<div class=\"wp-block-column is-vertically-aligned-center is-layout-flow\">\n\t\t\t\t\t<figure class=\"wp-block-image alignfull size-large\"><img decoding=\"async\" src=\"https:\/\/stimoris.dk\/wp-content\/themes\/twentytwentyone\/assets\/images\/roses-tremieres-hollyhocks-1884.jpg\" alt=\"&#8220;Roses Tr\u00e9mi\u00e8res&#8221; af Berthe Morisot\"\/><\/figure>\n\t\t\t\t\t\n\n\t\t\t\t\t\n\t\t\t\t\t<div style=\"height:100px\" aria-hidden=\"true\" class=\"wp-block-spacer\"><\/div>\n\t\t\t\t\t\n\n\t\t\t\t\t\n\t\t\t\t\t<figure class=\"wp-block-image alignfull size-large is-style-twentytwentyone-image-frame\"><img decoding=\"async\" src=\"https:\/\/stimoris.dk\/wp-content\/themes\/twentytwentyone\/assets\/images\/in-the-bois-de-boulogne.jpg\" alt=\"&#8220;I Boulogne.skoven&#8221; af Berthe Morisot\"\/><\/figure>\n\t\t\t\t\t<\/div>\n\t\t\t\t\t\n\n\t\t\t\t\t\n\t\t\t\t\t<div class=\"wp-block-column is-vertically-aligned-center is-layout-flow\">\n\t\t\t\t\t<div style=\"height:100px\" aria-hidden=\"true\" class=\"wp-block-spacer\"><\/div>\n\t\t\t\t\t\n\n\t\t\t\t\t\n\t\t\t\t\t<figure class=\"wp-block-image size-large alignfull size-full is-style-twentytwentyone-border\"><img decoding=\"async\" src=\"https:\/\/stimoris.dk\/wp-content\/themes\/twentytwentyone\/assets\/images\/young-woman-in-mauve.jpg\" alt=\"&#8220;Ung kvinde i lilla&#8221; af Berthe Morisot\"\/><\/figure>\n\t\t\t\t\t<\/div>\n\t\t\t\t\t<\/div>\n\t\t\t\t\t\n\n\t\t\t\t\t\n\t\t\t\t\t<div style=\"height:50px\" aria-hidden=\"true\" class=\"wp-block-spacer\"><\/div>\n\t\t\t\t\t\n\n\t\t\t\t\t\n\t\t\t\t\t<div class=\"wp-block-columns alignwide are-vertically-aligned-top is-layout-flex wp-container-7\">\n\t\t\t\t\t<div class=\"wp-block-column is-vertically-aligned-top is-layout-flow\">\n\t\t\t\t\t<h3 class=\"wp-block-heading\">Tilf\u00f8j blok strukturer<\/h3>\n\t\t\t\t\t\n\n\t\t\t\t\t\n\t\t\t\t\t<p>Blokgrupper er forud fremstillede grupper af blokke. Hvis du vil tilf\u00f8je s\u00e5dan en, skal du v\u00e6lge knappen Tilf\u00f8j blok [+] p\u00e5 v\u00e6rkt\u00f8jslinjen \u00f8verst i editoren. Skift til fanen Blokgrupper under s\u00f8gelinjen, og v\u00e6lg et design.<\/p>\n\t\t\t\t\t<\/div>\n\t\t\t\t\t\n\n\t\t\t\t\t\n\t\t\t\t\t<div class=\"wp-block-column is-vertically-aligned-top is-layout-flow\">\n\t\t\t\t\t<h3 class=\"wp-block-heading\">Indram dine billeder<\/h3>\n\t\t\t\t\t\n\n\t\t\t\t\t\n\t\t\t\t\t<p>Twenty Twenty-One inkluderer smukke rammer til dit indhold. Med en valgt billed-blok luk op for <\/p>\n\t\t\t\t\t<\/div>\n\t\t\t\t\t\n\n\t\t\t\t\t\n\t\t\t\t\t<div class=\"wp-block-column is-vertically-aligned-top is-layout-flow\">\n\t\t\t\t\t<h3 class=\"wp-block-heading\">Overlappende kolonner<\/h3>\n\t\t\t\t\t\n\n\t\t\t\t\t\n\t\t\t\t\t<p>Twenty Twenty-One indeholder ogs\u00e5 en overlapningsstil til kolonneblokke. N\u00e5r en kolonneblok er markeret, skal du \u00e5bne panelet &quot;Designs&quot; i indstillinger sidebaren. V\u00e6lg blokformatet &quot;Overlap&quot; for at pr\u00f8ve det.<\/p>\n\t\t\t\t\t<\/div>\n\t\t\t\t\t<\/div>\n\t\t\t\t\t\n\n\t\t\t\t\t\n\t\t\t\t\t<div style=\"height:100px\" aria-hidden=\"true\" class=\"wp-block-spacer\"><\/div>\n\t\t\t\t\t\n\n\t\t\t\t\t\n\t\t\t\t\t<div class=\"wp-block-cover alignwide has-green-background-color has-background-dim is-style-twentytwentyone-border\"><div class=\"wp-block-cover__inner-container\">\n\t\t\t\t\t<div style=\"height:20px\" aria-hidden=\"true\" class=\"wp-block-spacer\"><\/div>\n\t\t\t\t\t\n\n\t\t\t\t\t\n\t\t\t\t\t<p class=\"has-huge-font-size\">Har du brug for hj\u00e6lp?<\/p>\n\t\t\t\t\t\n\n\t\t\t\t\t\n\t\t\t\t\t<div style=\"height:75px\" aria-hidden=\"true\" class=\"wp-block-spacer\"><\/div>\n\t\t\t\t\t\n\n\t\t\t\t\t\n\t\t\t\t\t<div class=\"wp-block-columns is-layout-flex wp-container-10\">\n\t\t\t\t\t<div class=\"wp-block-column is-layout-flow\">\n\t\t\t\t\t<p><a href=\"https:\/\/wordpress.org\/documentation\/article\/twenty-twenty-one\/\">L\u00e6se Temaets dokumentation<\/a><\/p>\n\t\t\t\t\t<\/div>\n\t\t\t\t\t\n\n\t\t\t\t\t\n\t\t\t\t\t<div class=\"wp-block-column is-layout-flow\">\n\t\t\t\t\t<p><a href=\"https:\/\/wordpress.org\/support\/theme\/twentytwentyone\/\">Pr\u00f8v Hj\u00e6lpefora<\/a><\/p>\n\t\t\t\t\t<\/div>\n\t\t\t\t\t<\/div>\n\t\t\t\t\t\n\n\t\t\t\t\t\n\t\t\t\t\t<div style=\"height:20px\" aria-hidden=\"true\" class=\"wp-block-spacer\"><\/div>\n\t\t\t\t\t<\/div><\/div>\n\t\t\t\t\t","protected":false},"excerpt":{"rendered":"<p>Lav dit website ved hj\u00e6lp af blokke Tilf\u00f8j blok strukturer Blokgrupper er forud fremstillede grupper af blokke. Hvis du vil tilf\u00f8je s\u00e5dan en, skal du v\u00e6lge knappen Tilf\u00f8j blok [+] p\u00e5 v\u00e6rkt\u00f8jslinjen \u00f8verst i editoren. Skift til fanen Blokgrupper under s\u00f8gelinjen, og v\u00e6lg et design. Indram dine billeder Twenty Twenty-One inkluderer smukke rammer til dit&hellip; <a class=\"more-link\" href=\"https:\/\/stimoris.dk\/\">L\u00e6s mere <span class=\"screen-reader-text\">Lav dit website ved hj\u00e6lp af blokke<\/span><\/a><\/p>\n","protected":false},"author":1,"featured_media":0,"parent":0,"menu_order":0,"comment_status":"closed","ping_status":"closed","template":"","meta":[],"_links":{"self":[{"href":"https:\/\/stimoris.dk\/index.php\/wp-json\/wp\/v2\/pages\/5"}],"collection":[{"href":"https:\/\/stimoris.dk\/index.php\/wp-json\/wp\/v2\/pages"}],"about":[{"href":"https:\/\/stimoris.dk\/index.php\/wp-json\/wp\/v2\/types\/page"}],"author":[{"embeddable":true,"href":"https:\/\/stimoris.dk\/index.php\/wp-json\/wp\/v2\/users\/1"}],"replies":[{"embeddable":true,"href":"https:\/\/stimoris.dk\/index.php\/wp-json\/wp\/v2\/comments?post=5"}],"version-history":[{"count":2,"href":"https:\/\/stimoris.dk\/index.php\/wp-json\/wp\/v2\/pages\/5\/revisions"}],"predecessor-version":[{"id":26,"href":"https:\/\/stimoris.dk\/index.php\/wp-json\/wp\/v2\/pages\/5\/revisions\/26"}],"wp:attachment":[{"href":"https:\/\/stimoris.dk\/index.php\/wp-json\/wp\/v2\/media?parent=5"}],"curies":[{"name":"wp","href":"https:\/\/api.w.org\/{rel}","templated":true}]}}